{"id":871,"date":"2020-07-03T10:53:54","date_gmt":"2020-07-03T08:53:54","guid":{"rendered":"https:\/\/fermedekeruzerh.com\/?post_type=product&#038;p=871"},"modified":"2026-01-14T07:52:13","modified_gmt":"2026-01-14T06:52:13","slug":"tomates-anciennes","status":"publish","type":"product","link":"https:\/\/fermedekeruzerh.com\/index.php\/produit\/tomates-anciennes\/","title":{"rendered":"Tomates"},"content":{"rendered":"","protected":false},"excerpt":{"rendered":"<p>M\u00e9lange de tomates anciennes (pr\u00e9coce de Quimper, Cornue, C\u0153ur de b\u0153uf, Marmande, Caro Rich, Green zebra, Noire de Crim\u00e9e, &#8230;).<\/p>\n","protected":false},"featured_media":872,"template":"","meta":[],"product_brand":[],"product_cat":[15],"product_tag":[],"class_list":{"0":"post-871","1":"product","2":"type-product","3":"status-publish","4":"has-post-thumbnail","6":"product_cat-non-classe","8":"first","9":"outofstock","10":"sale","11":"virtual","12":"taxable","13":"purchasable","14":"product-type-simple","15":"czr-hentry"},"aioseo_notices":[],"_links":{"self":[{"href":"https:\/\/fermedekeruzerh.com\/index.php\/wp-json\/wp\/v2\/product\/871","targetHints":{"allow":["GET"]}}],"collection":[{"href":"https:\/\/fermedekeruzerh.com\/index.php\/wp-json\/wp\/v2\/product"}],"about":[{"href":"https:\/\/fermedekeruzerh.com\/index.php\/wp-json\/wp\/v2\/types\/product"}],"wp:featuredmedia":[{"embeddable":true,"href":"https:\/\/fermedekeruzerh.com\/index.php\/wp-json\/wp\/v2\/media\/872"}],"wp:attachment":[{"href":"https:\/\/fermedekeruzerh.com\/index.php\/wp-json\/wp\/v2\/media?parent=871"}],"wp:term":[{"taxonomy":"product_brand","embeddable":true,"href":"https:\/\/fermedekeruzerh.com\/index.php\/wp-json\/wp\/v2\/product_brand?post=871"},{"taxonomy":"product_cat","embeddable":true,"href":"https:\/\/fermedekeruzerh.com\/index.php\/wp-json\/wp\/v2\/product_cat?post=871"},{"taxonomy":"product_tag","embeddable":true,"href":"https:\/\/fermedekeruzerh.com\/index.php\/wp-json\/wp\/v2\/product_tag?post=871"}],"curies":[{"name":"wp","href":"https:\/\/api.w.org\/{rel}","templated":true}]}}