{"id":8562,"date":"2024-01-15T20:23:55","date_gmt":"2024-01-15T19:23:55","guid":{"rendered":"https:\/\/fermedekeruzerh.com\/?post_type=product&#038;p=8562"},"modified":"2026-04-15T12:44:32","modified_gmt":"2026-04-15T10:44:32","slug":"yaourt-fermier-de-vache-bretonne-pie-noir","status":"publish","type":"product","link":"https:\/\/fermedekeruzerh.com\/index.php\/produit\/yaourt-fermier-de-vache-bretonne-pie-noir\/","title":{"rendered":"Yaourt fermier de vache Bretonne Pie Noir"},"content":{"rendered":"","protected":false},"excerpt":{"rendered":"<p>Yaourt des vaches de la ferme. Race ancienne Bretonne Pie Noir.<\/p>\n<p>Ingr\u00e9dients : lait pasteuris\u00e9, ferments lactiques. 5% de mati\u00e8re grasse.<\/p>\n<p>N&rsquo;h\u00e9sitez pas \u00e0 nous ramener les pots !<\/p>\n","protected":false},"featured_media":8563,"template":"","meta":[],"product_brand":[],"product_cat":[15],"product_tag":[],"class_list":{"0":"post-8562","1":"product","2":"type-product","3":"status-publish","4":"has-post-thumbnail","6":"product_cat-non-classe","8":"first","9":"instock","10":"virtual","11":"taxable","12":"purchasable","13":"product-type-simple","14":"czr-hentry"},"aioseo_notices":[],"_links":{"self":[{"href":"https:\/\/fermedekeruzerh.com\/index.php\/wp-json\/wp\/v2\/product\/8562","targetHints":{"allow":["GET"]}}],"collection":[{"href":"https:\/\/fermedekeruzerh.com\/index.php\/wp-json\/wp\/v2\/product"}],"about":[{"href":"https:\/\/fermedekeruzerh.com\/index.php\/wp-json\/wp\/v2\/types\/product"}],"wp:featuredmedia":[{"embeddable":true,"href":"https:\/\/fermedekeruzerh.com\/index.php\/wp-json\/wp\/v2\/media\/8563"}],"wp:attachment":[{"href":"https:\/\/fermedekeruzerh.com\/index.php\/wp-json\/wp\/v2\/media?parent=8562"}],"wp:term":[{"taxonomy":"product_brand","embeddable":true,"href":"https:\/\/fermedekeruzerh.com\/index.php\/wp-json\/wp\/v2\/product_brand?post=8562"},{"taxonomy":"product_cat","embeddable":true,"href":"https:\/\/fermedekeruzerh.com\/index.php\/wp-json\/wp\/v2\/product_cat?post=8562"},{"taxonomy":"product_tag","embeddable":true,"href":"https:\/\/fermedekeruzerh.com\/index.php\/wp-json\/wp\/v2\/product_tag?post=8562"}],"curies":[{"name":"wp","href":"https:\/\/api.w.org\/{rel}","templated":true}]}}