{"id":70,"date":"2020-03-12T15:40:56","date_gmt":"2020-03-12T14:40:56","guid":{"rendered":"https:\/\/fermedekeruzerh.com\/?post_type=product&#038;p=70"},"modified":"2026-04-13T18:48:34","modified_gmt":"2026-04-13T16:48:34","slug":"epinard","status":"publish","type":"product","link":"https:\/\/fermedekeruzerh.com\/index.php\/produit\/epinard\/","title":{"rendered":"\u00c9pinard"},"content":{"rendered":"","protected":false},"excerpt":{"rendered":"<p>\u00c9pinards d\u00e9licieux \u00e0 la cr\u00e8me ou pour vos tartes et quiches.<\/p>\n<p>Origine Ferme de Keruzerh.<\/p>\n","protected":false},"featured_media":71,"template":"","meta":[],"product_brand":[],"product_cat":[15],"product_tag":[],"class_list":{"0":"post-70","1":"product","2":"type-product","3":"status-publish","4":"has-post-thumbnail","6":"product_cat-non-classe","8":"first","9":"instock","10":"taxable","11":"shipping-taxable","12":"purchasable","13":"product-type-simple","14":"czr-hentry"},"aioseo_notices":[],"_links":{"self":[{"href":"https:\/\/fermedekeruzerh.com\/index.php\/wp-json\/wp\/v2\/product\/70","targetHints":{"allow":["GET"]}}],"collection":[{"href":"https:\/\/fermedekeruzerh.com\/index.php\/wp-json\/wp\/v2\/product"}],"about":[{"href":"https:\/\/fermedekeruzerh.com\/index.php\/wp-json\/wp\/v2\/types\/product"}],"wp:featuredmedia":[{"embeddable":true,"href":"https:\/\/fermedekeruzerh.com\/index.php\/wp-json\/wp\/v2\/media\/71"}],"wp:attachment":[{"href":"https:\/\/fermedekeruzerh.com\/index.php\/wp-json\/wp\/v2\/media?parent=70"}],"wp:term":[{"taxonomy":"product_brand","embeddable":true,"href":"https:\/\/fermedekeruzerh.com\/index.php\/wp-json\/wp\/v2\/product_brand?post=70"},{"taxonomy":"product_cat","embeddable":true,"href":"https:\/\/fermedekeruzerh.com\/index.php\/wp-json\/wp\/v2\/product_cat?post=70"},{"taxonomy":"product_tag","embeddable":true,"href":"https:\/\/fermedekeruzerh.com\/index.php\/wp-json\/wp\/v2\/product_tag?post=70"}],"curies":[{"name":"wp","href":"https:\/\/api.w.org\/{rel}","templated":true}]}}