{"id":6263,"date":"2022-08-15T20:35:58","date_gmt":"2022-08-15T18:35:58","guid":{"rendered":"https:\/\/fermedekeruzerh.com\/?post_type=product&#038;p=6263"},"modified":"2026-01-14T07:51:51","modified_gmt":"2026-01-14T06:51:51","slug":"place-de-concert-fest-noz-du-24-aout","status":"publish","type":"product","link":"https:\/\/fermedekeruzerh.com\/index.php\/produit\/place-de-concert-fest-noz-du-24-aout\/","title":{"rendered":"Billet Fest-Noz 24 Ao\u00fbt !"},"content":{"rendered":"","protected":false},"excerpt":{"rendered":"<p>Pour terminer en beaut\u00e9 la premi\u00e8re \u00e9dition \u00ab\u00a0La ferme de Keruzerh en f\u00eate\u00a0\u00bb, nous vous proposons de venir danser en fest-Noz avec 3 duos :<\/p>\n<p>&#8211; FOLL \/ BIDO<br \/>\n&#8211; BEAUGUION \/ BAUDUIN<br \/>\n&#8211; Fred GUICHEN et Erwan MOAL<\/p>\n<p>Venez nombreux pour faire chauffer la terre battue du hangar !<\/p>\n<p>Restauration sur place cr\u00eapes, galettes et boissons.<\/p>\n<p>Entr\u00e9e 5\u20ac + participation libre pour soutenir l&rsquo;\u00e9v\u00e9nement.<\/p>\n<p>24 ao\u00fbt 2022, de 18h \u00e0 21h.<\/p>\n","protected":false},"featured_media":6264,"template":"","meta":[],"product_brand":[],"product_cat":[15],"product_tag":[],"class_list":{"0":"post-6263","1":"product","2":"type-product","3":"status-publish","4":"has-post-thumbnail","6":"product_cat-non-classe","8":"first","9":"outofstock","10":"taxable","11":"shipping-taxable","12":"purchasable","13":"product-type-simple","14":"czr-hentry"},"aioseo_notices":[],"_links":{"self":[{"href":"https:\/\/fermedekeruzerh.com\/index.php\/wp-json\/wp\/v2\/product\/6263","targetHints":{"allow":["GET"]}}],"collection":[{"href":"https:\/\/fermedekeruzerh.com\/index.php\/wp-json\/wp\/v2\/product"}],"about":[{"href":"https:\/\/fermedekeruzerh.com\/index.php\/wp-json\/wp\/v2\/types\/product"}],"wp:featuredmedia":[{"embeddable":true,"href":"https:\/\/fermedekeruzerh.com\/index.php\/wp-json\/wp\/v2\/media\/6264"}],"wp:attachment":[{"href":"https:\/\/fermedekeruzerh.com\/index.php\/wp-json\/wp\/v2\/media?parent=6263"}],"wp:term":[{"taxonomy":"product_brand","embeddable":true,"href":"https:\/\/fermedekeruzerh.com\/index.php\/wp-json\/wp\/v2\/product_brand?post=6263"},{"taxonomy":"product_cat","embeddable":true,"href":"https:\/\/fermedekeruzerh.com\/index.php\/wp-json\/wp\/v2\/product_cat?post=6263"},{"taxonomy":"product_tag","embeddable":true,"href":"https:\/\/fermedekeruzerh.com\/index.php\/wp-json\/wp\/v2\/product_tag?post=6263"}],"curies":[{"name":"wp","href":"https:\/\/api.w.org\/{rel}","templated":true}]}}