{"id":5790,"date":"2022-05-10T07:52:51","date_gmt":"2022-05-10T05:52:51","guid":{"rendered":"https:\/\/fermedekeruzerh.com\/?post_type=product&#038;p=5790"},"modified":"2026-01-14T07:51:52","modified_gmt":"2026-01-14T06:51:52","slug":"pain-quinochia","status":"publish","type":"product","link":"https:\/\/fermedekeruzerh.com\/index.php\/produit\/pain-quinochia\/","title":{"rendered":"Pain Quinochia"},"content":{"rendered":"","protected":false},"excerpt":{"rendered":"<div dir=\"auto\">D\u00e9couvrez le pain \u00ab\u00a0quinochia\u00a0\u00bb aux graines de chia et \u00e0 la farine biologique de nos partenaires du Jardin Milpa.<\/div>\n<p>Ingr\u00e9dients: Farine de ble\u0301 T80, farine de sarrasin graines de chia, de quinoa, de tournesol, se\u0301same, flocons d&rsquo;avoine de ble\u0301 et d&rsquo;orge, raisins secs, noisettes, eau, sel, levain.<\/p>\n<p>Ingr\u00e9dients: farine de sarrasin, millet, riz, psyllium, graines de millet et graines de millet souffl\u00e9es. Panifi\u00e9 dans un fournil contenant des traces de bl\u00e9.<\/p>\n<div dir=\"auto\"><\/div>\n<div dir=\"auto\">Edwin et Adrien, deux amis d&rsquo;enfance ont repris la ferme bio le coin de paradis \u00e0 Moustoir-ac pour y produire du pain bio au levain cuit au feu de bois. Ci-dessous vous trouverez un petit mot de leur part:<\/div>\n<div dir=\"auto\"><\/div>\n<div dir=\"auto\">\u00ab\u00a0Nous pratiquons une boulangerie traditionnelle, le p\u00e9trissage est fait \u00e0 la main, les fermentations sont longues pour pr\u00e9dig\u00e9rer le gluten et d\u00e9gager les ar\u00f4mes, la fermentation au levain am\u00e9liore l&rsquo;indice glyc\u00e9mique du pain et sa conservation. Nous travaillons des farines locales de Grandchamp (Epibreizh) moulues directement chez l&rsquo;agriculteur, que nous nous procurons tous les 15 jours et que nous panifions fra\u00eeches et pleines de vie. Nous sommes heureux de vous proposer nos pains \u00e0 la ferme de Keruzerh le samedi, ainsi que nos brioches. Bonne d\u00e9gustation! \u00ab\u00a0<\/div>\n<div dir=\"auto\"><img decoding=\"async\" class=\"alignnone size-medium wp-image-3792\" src=\"https:\/\/fermedekeruzerh.com\/wp-content\/uploads\/2021\/08\/photo-milpa-300x200.jpg\" alt=\"\" width=\"300\" height=\"200\" \/><\/div>\n<div dir=\"auto\"><\/div>\n<div dir=\"auto\"><\/div>\n","protected":false},"featured_media":0,"template":"","meta":[],"product_brand":[],"product_cat":[26],"product_tag":[],"class_list":{"0":"post-5790","1":"product","2":"type-product","3":"status-publish","5":"product_cat-autres-producteurs","7":"first","8":"outofstock","9":"taxable","10":"shipping-taxable","11":"purchasable","12":"product-type-simple","13":"czr-hentry"},"aioseo_notices":[],"_links":{"self":[{"href":"https:\/\/fermedekeruzerh.com\/index.php\/wp-json\/wp\/v2\/product\/5790","targetHints":{"allow":["GET"]}}],"collection":[{"href":"https:\/\/fermedekeruzerh.com\/index.php\/wp-json\/wp\/v2\/product"}],"about":[{"href":"https:\/\/fermedekeruzerh.com\/index.php\/wp-json\/wp\/v2\/types\/product"}],"wp:attachment":[{"href":"https:\/\/fermedekeruzerh.com\/index.php\/wp-json\/wp\/v2\/media?parent=5790"}],"wp:term":[{"taxonomy":"product_brand","embeddable":true,"href":"https:\/\/fermedekeruzerh.com\/index.php\/wp-json\/wp\/v2\/product_brand?post=5790"},{"taxonomy":"product_cat","embeddable":true,"href":"https:\/\/fermedekeruzerh.com\/index.php\/wp-json\/wp\/v2\/product_cat?post=5790"},{"taxonomy":"product_tag","embeddable":true,"href":"https:\/\/fermedekeruzerh.com\/index.php\/wp-json\/wp\/v2\/product_tag?post=5790"}],"curies":[{"name":"wp","href":"https:\/\/api.w.org\/{rel}","templated":true}]}}