{"id":577,"date":"2020-05-15T07:51:13","date_gmt":"2020-05-15T05:51:13","guid":{"rendered":"https:\/\/fermedekeruzerh.com\/?post_type=product&#038;p=577"},"modified":"2026-04-27T18:26:00","modified_gmt":"2026-04-27T16:26:00","slug":"chou-rave","status":"publish","type":"product","link":"https:\/\/fermedekeruzerh.com\/index.php\/produit\/chou-rave\/","title":{"rendered":"Chou rave"},"content":{"rendered":"","protected":false},"excerpt":{"rendered":"<p>Chou rave violet ou vert selon les p\u00e9riodes de l&rsquo;ann\u00e9e. En plus du chou qui se consomme cru ou cuit, il est possible de pr\u00e9parer les feuilles aussi ! Voici une id\u00e9e de recette.<\/p>\n<p>Po\u00eal\u00e9e de feuilles de choux rave \u00e0 la chapelure<\/p>\n<p>Ingr\u00e9dients\u00a0:<\/p>\n<ul>\n<li>Une belle poign\u00e9e de feuilles de choux rave<\/li>\n<li>1 oignon<\/li>\n<li>huile de tournesol<\/li>\n<li>chapelure<\/li>\n<li>Sel, poivre<\/li>\n<\/ul>\n<p>Retirer les tiges des feuilles de choux rave. Cuire les feuilles \u00e0 la vapeur (ou dans l\u2019eau bouillante) environ 15 minutes. Elles doivent \u00eatre bien tendres.<\/p>\n<p>Faire revenir un oignon avec un peu d\u2019huile. Ajouter les feuilles de choux raves et laisser cuire 5 minutes \u00e0 feu moyen.<\/p>\n<p>Saler, poivrer et saupoudrer de chapelure.<\/p>\n","protected":false},"featured_media":579,"template":"","meta":[],"product_brand":[],"product_cat":[15],"product_tag":[],"class_list":{"0":"post-577","1":"product","2":"type-product","3":"status-publish","4":"has-post-thumbnail","6":"product_cat-non-classe","8":"first","9":"instock","10":"taxable","11":"shipping-taxable","12":"purchasable","13":"product-type-simple","14":"czr-hentry"},"aioseo_notices":[],"_links":{"self":[{"href":"https:\/\/fermedekeruzerh.com\/index.php\/wp-json\/wp\/v2\/product\/577","targetHints":{"allow":["GET"]}}],"collection":[{"href":"https:\/\/fermedekeruzerh.com\/index.php\/wp-json\/wp\/v2\/product"}],"about":[{"href":"https:\/\/fermedekeruzerh.com\/index.php\/wp-json\/wp\/v2\/types\/product"}],"wp:featuredmedia":[{"embeddable":true,"href":"https:\/\/fermedekeruzerh.com\/index.php\/wp-json\/wp\/v2\/media\/579"}],"wp:attachment":[{"href":"https:\/\/fermedekeruzerh.com\/index.php\/wp-json\/wp\/v2\/media?parent=577"}],"wp:term":[{"taxonomy":"product_brand","embeddable":true,"href":"https:\/\/fermedekeruzerh.com\/index.php\/wp-json\/wp\/v2\/product_brand?post=577"},{"taxonomy":"product_cat","embeddable":true,"href":"https:\/\/fermedekeruzerh.com\/index.php\/wp-json\/wp\/v2\/product_cat?post=577"},{"taxonomy":"product_tag","embeddable":true,"href":"https:\/\/fermedekeruzerh.com\/index.php\/wp-json\/wp\/v2\/product_tag?post=577"}],"curies":[{"name":"wp","href":"https:\/\/api.w.org\/{rel}","templated":true}]}}