{"id":450,"date":"2020-05-08T12:24:34","date_gmt":"2020-05-08T10:24:34","guid":{"rendered":"https:\/\/fermedekeruzerh.com\/?post_type=product&#038;p=450"},"modified":"2026-01-14T07:52:14","modified_gmt":"2026-01-14T06:52:14","slug":"pomme-de-terre-nouvelle-grenaille","status":"publish","type":"product","link":"https:\/\/fermedekeruzerh.com\/index.php\/produit\/pomme-de-terre-nouvelle-grenaille\/","title":{"rendered":"Pomme de terre primeur \/ nouvelle"},"content":{"rendered":"","protected":false},"excerpt":{"rendered":"<p>Pomme de terre nouvelle. Les vari\u00e9t\u00e9s et couleurs peuvent \u00e9voluer en fonction de la saison.<\/p>\n<p>Tout juste sortie de terre, cette pomme de terre n&rsquo;a pas besoin d&rsquo;\u00eatre \u00e9pluch\u00e9e (pas de peau). Un d\u00e9lice simplement revenue avec quelques oignons et assaisonn\u00e9e avec des herbes de Provence ou du basilic.<\/p>\n","protected":false},"featured_media":945,"template":"","meta":[],"product_brand":[],"product_cat":[15],"product_tag":[],"class_list":{"0":"post-450","1":"product","2":"type-product","3":"status-publish","4":"has-post-thumbnail","6":"product_cat-non-classe","8":"first","9":"outofstock","10":"sale","11":"taxable","12":"shipping-taxable","13":"purchasable","14":"product-type-simple","15":"czr-hentry"},"aioseo_notices":[],"_links":{"self":[{"href":"https:\/\/fermedekeruzerh.com\/index.php\/wp-json\/wp\/v2\/product\/450","targetHints":{"allow":["GET"]}}],"collection":[{"href":"https:\/\/fermedekeruzerh.com\/index.php\/wp-json\/wp\/v2\/product"}],"about":[{"href":"https:\/\/fermedekeruzerh.com\/index.php\/wp-json\/wp\/v2\/types\/product"}],"wp:featuredmedia":[{"embeddable":true,"href":"https:\/\/fermedekeruzerh.com\/index.php\/wp-json\/wp\/v2\/media\/945"}],"wp:attachment":[{"href":"https:\/\/fermedekeruzerh.com\/index.php\/wp-json\/wp\/v2\/media?parent=450"}],"wp:term":[{"taxonomy":"product_brand","embeddable":true,"href":"https:\/\/fermedekeruzerh.com\/index.php\/wp-json\/wp\/v2\/product_brand?post=450"},{"taxonomy":"product_cat","embeddable":true,"href":"https:\/\/fermedekeruzerh.com\/index.php\/wp-json\/wp\/v2\/product_cat?post=450"},{"taxonomy":"product_tag","embeddable":true,"href":"https:\/\/fermedekeruzerh.com\/index.php\/wp-json\/wp\/v2\/product_tag?post=450"}],"curies":[{"name":"wp","href":"https:\/\/api.w.org\/{rel}","templated":true}]}}