{"id":3676,"date":"2021-07-12T08:00:21","date_gmt":"2021-07-12T06:00:21","guid":{"rendered":"https:\/\/fermedekeruzerh.com\/?post_type=product&#038;p=3676"},"modified":"2026-04-15T12:44:32","modified_gmt":"2026-04-15T10:44:32","slug":"oeufs","status":"publish","type":"product","link":"https:\/\/fermedekeruzerh.com\/index.php\/produit\/oeufs\/","title":{"rendered":"Oeufs"},"content":{"rendered":"<p><img decoding=\"async\" class=\"alignnone size-medium wp-image-3677\" src=\"https:\/\/fermedekeruzerh.com\/wp-content\/uploads\/2021\/07\/oeuf-des-bruyeres-84-scaled-1-300x225.jpg\" alt=\"\" width=\"300\" height=\"225\" srcset=\"https:\/\/fermedekeruzerh.com\/wp-content\/uploads\/2021\/07\/oeuf-des-bruyeres-84-scaled-1-300x225.jpg 300w, https:\/\/fermedekeruzerh.com\/wp-content\/uploads\/2021\/07\/oeuf-des-bruyeres-84-scaled-1-600x450.jpg 600w, https:\/\/fermedekeruzerh.com\/wp-content\/uploads\/2021\/07\/oeuf-des-bruyeres-84-scaled-1-1024x768.jpg 1024w, https:\/\/fermedekeruzerh.com\/wp-content\/uploads\/2021\/07\/oeuf-des-bruyeres-84-scaled-1-768x576.jpg 768w, https:\/\/fermedekeruzerh.com\/wp-content\/uploads\/2021\/07\/oeuf-des-bruyeres-84-scaled-1-1536x1152.jpg 1536w, https:\/\/fermedekeruzerh.com\/wp-content\/uploads\/2021\/07\/oeuf-des-bruyeres-84-scaled-1-2048x1536.jpg 2048w, https:\/\/fermedekeruzerh.com\/wp-content\/uploads\/2021\/07\/oeuf-des-bruyeres-84-scaled-1-570x428.jpg 570w\" sizes=\"(max-width: 300px) 100vw, 300px\" \/><\/p>\n","protected":false},"excerpt":{"rendered":"<p>\u0152ufs en boite de 6.<\/p>\n<p>Nous avons nou\u00e9 un partenariat avec Antony de la ferme \u00ab\u00a0l&rsquo;oeuf des bruy\u00e8res\u00a0\u00bb \u00e0 Pleucadeuc (56).<\/p>\n<p><em>En agriculture biologique int\u00e9grale depuis 1997 et en recherche d\u2019une autonomie alimentaire, nous produisons nos propres c\u00e9r\u00e9ales. l\u2019alimentation que nous donnons \u00e0 nos poules est faite de Ma\u00efs, Triticale, Bl\u00e9, Pois, F\u00e9verole, Soja, Tournesol, Luzerne et Min\u00e9raux ; issue de la ferme pour partie et 100% France pour le reste.<br \/>\nNous faisons le choix du label Bio coh\u00e9rence depuis le premier janvier 2020.<\/em><\/p>\n","protected":false},"featured_media":8836,"template":"","meta":[],"product_brand":[],"product_cat":[32],"product_tag":[],"class_list":{"0":"post-3676","1":"product","2":"type-product","3":"status-publish","4":"has-post-thumbnail","6":"product_cat-oeufs-des-bruyeres","8":"first","9":"instock","10":"taxable","11":"shipping-taxable","12":"purchasable","13":"product-type-simple","14":"czr-hentry"},"aioseo_notices":[],"_links":{"self":[{"href":"https:\/\/fermedekeruzerh.com\/index.php\/wp-json\/wp\/v2\/product\/3676","targetHints":{"allow":["GET"]}}],"collection":[{"href":"https:\/\/fermedekeruzerh.com\/index.php\/wp-json\/wp\/v2\/product"}],"about":[{"href":"https:\/\/fermedekeruzerh.com\/index.php\/wp-json\/wp\/v2\/types\/product"}],"wp:featuredmedia":[{"embeddable":true,"href":"https:\/\/fermedekeruzerh.com\/index.php\/wp-json\/wp\/v2\/media\/8836"}],"wp:attachment":[{"href":"https:\/\/fermedekeruzerh.com\/index.php\/wp-json\/wp\/v2\/media?parent=3676"}],"wp:term":[{"taxonomy":"product_brand","embeddable":true,"href":"https:\/\/fermedekeruzerh.com\/index.php\/wp-json\/wp\/v2\/product_brand?post=3676"},{"taxonomy":"product_cat","embeddable":true,"href":"https:\/\/fermedekeruzerh.com\/index.php\/wp-json\/wp\/v2\/product_cat?post=3676"},{"taxonomy":"product_tag","embeddable":true,"href":"https:\/\/fermedekeruzerh.com\/index.php\/wp-json\/wp\/v2\/product_tag?post=3676"}],"curies":[{"name":"wp","href":"https:\/\/api.w.org\/{rel}","templated":true}]}}