{"id":3344,"date":"2021-06-01T07:40:23","date_gmt":"2021-06-01T05:40:23","guid":{"rendered":"https:\/\/fermedekeruzerh.com\/?post_type=product&#038;p=3344"},"modified":"2026-01-14T07:51:59","modified_gmt":"2026-01-14T06:51:59","slug":"pomme-de-terre-primeur-nouvelle-rubis","status":"publish","type":"product","link":"https:\/\/fermedekeruzerh.com\/index.php\/produit\/pomme-de-terre-primeur-nouvelle-rubis\/","title":{"rendered":"Pomme de terre primeur \/ nouvelle Rubis"},"content":{"rendered":"","protected":false},"excerpt":{"rendered":"<p>Pomme de terre nouvelle.<\/p>\n<p>Tout juste sortie de terre, cette pomme de terre n&rsquo;a pas besoin d&rsquo;\u00eatre \u00e9pluch\u00e9e (pas de peau). Un d\u00e9lice simplement revenue avec quelques oignons et assaisonn\u00e9e avec des herbes de Provence ou du basilic.<\/p>\n<p>R\u00e9seau d&rsquo;agriculteurs Biobreizh<\/p>\n","protected":false},"featured_media":3345,"template":"","meta":[],"product_brand":[],"product_cat":[15],"product_tag":[],"class_list":{"0":"post-3344","1":"product","2":"type-product","3":"status-publish","4":"has-post-thumbnail","6":"product_cat-non-classe","8":"first","9":"outofstock","10":"taxable","11":"shipping-taxable","12":"purchasable","13":"product-type-simple","14":"czr-hentry"},"aioseo_notices":[],"_links":{"self":[{"href":"https:\/\/fermedekeruzerh.com\/index.php\/wp-json\/wp\/v2\/product\/3344","targetHints":{"allow":["GET"]}}],"collection":[{"href":"https:\/\/fermedekeruzerh.com\/index.php\/wp-json\/wp\/v2\/product"}],"about":[{"href":"https:\/\/fermedekeruzerh.com\/index.php\/wp-json\/wp\/v2\/types\/product"}],"wp:featuredmedia":[{"embeddable":true,"href":"https:\/\/fermedekeruzerh.com\/index.php\/wp-json\/wp\/v2\/media\/3345"}],"wp:attachment":[{"href":"https:\/\/fermedekeruzerh.com\/index.php\/wp-json\/wp\/v2\/media?parent=3344"}],"wp:term":[{"taxonomy":"product_brand","embeddable":true,"href":"https:\/\/fermedekeruzerh.com\/index.php\/wp-json\/wp\/v2\/product_brand?post=3344"},{"taxonomy":"product_cat","embeddable":true,"href":"https:\/\/fermedekeruzerh.com\/index.php\/wp-json\/wp\/v2\/product_cat?post=3344"},{"taxonomy":"product_tag","embeddable":true,"href":"https:\/\/fermedekeruzerh.com\/index.php\/wp-json\/wp\/v2\/product_tag?post=3344"}],"curies":[{"name":"wp","href":"https:\/\/api.w.org\/{rel}","templated":true}]}}