{"id":3176,"date":"2021-05-11T08:09:43","date_gmt":"2021-05-11T06:09:43","guid":{"rendered":"https:\/\/fermedekeruzerh.com\/?post_type=product&#038;p=3176"},"modified":"2026-01-14T07:52:00","modified_gmt":"2026-01-14T06:52:00","slug":"plants-de-choux-chinois","status":"publish","type":"product","link":"https:\/\/fermedekeruzerh.com\/index.php\/produit\/plants-de-choux-chinois\/","title":{"rendered":"Plants de choux chinois"},"content":{"rendered":"","protected":false},"excerpt":{"rendered":"<p>Plants de choux chinois en petites mottes pr\u00eats \u00e0 \u00eatre plant\u00e9s.<\/p>\n","protected":false},"featured_media":3195,"template":"","meta":[],"product_brand":[],"product_cat":[28],"product_tag":[],"class_list":{"0":"post-3176","1":"product","2":"type-product","3":"status-publish","4":"has-post-thumbnail","6":"product_cat-plants-pour-le-potager","8":"first","9":"outofstock","10":"taxable","11":"shipping-taxable","12":"purchasable","13":"product-type-simple","14":"czr-hentry"},"aioseo_notices":[],"_links":{"self":[{"href":"https:\/\/fermedekeruzerh.com\/index.php\/wp-json\/wp\/v2\/product\/3176","targetHints":{"allow":["GET"]}}],"collection":[{"href":"https:\/\/fermedekeruzerh.com\/index.php\/wp-json\/wp\/v2\/product"}],"about":[{"href":"https:\/\/fermedekeruzerh.com\/index.php\/wp-json\/wp\/v2\/types\/product"}],"wp:featuredmedia":[{"embeddable":true,"href":"https:\/\/fermedekeruzerh.com\/index.php\/wp-json\/wp\/v2\/media\/3195"}],"wp:attachment":[{"href":"https:\/\/fermedekeruzerh.com\/index.php\/wp-json\/wp\/v2\/media?parent=3176"}],"wp:term":[{"taxonomy":"product_brand","embeddable":true,"href":"https:\/\/fermedekeruzerh.com\/index.php\/wp-json\/wp\/v2\/product_brand?post=3176"},{"taxonomy":"product_cat","embeddable":true,"href":"https:\/\/fermedekeruzerh.com\/index.php\/wp-json\/wp\/v2\/product_cat?post=3176"},{"taxonomy":"product_tag","embeddable":true,"href":"https:\/\/fermedekeruzerh.com\/index.php\/wp-json\/wp\/v2\/product_tag?post=3176"}],"curies":[{"name":"wp","href":"https:\/\/api.w.org\/{rel}","templated":true}]}}