{"id":282,"date":"2020-05-01T12:08:13","date_gmt":"2020-05-01T10:08:13","guid":{"rendered":"https:\/\/fermedekeruzerh.com\/?post_type=product&#038;p=282"},"modified":"2026-01-14T07:52:14","modified_gmt":"2026-01-14T06:52:14","slug":"feve","status":"publish","type":"product","link":"https:\/\/fermedekeruzerh.com\/index.php\/produit\/feve\/","title":{"rendered":"F\u00e8ve"},"content":{"rendered":"","protected":false},"excerpt":{"rendered":"<p>F\u00e8ves fra\u00eeches tout juste r\u00e9colt\u00e9es. Pour profiter au maximum de ce l\u00e9gume d\u00e9licieux, voici une recette pour cuisiner les cosses !<\/p>\n<p>Velout\u00e9 de cosses de f\u00e8ves<\/p>\n<p>Ingr\u00e9dients\u00a0:<\/p>\n<ul>\n<li>400 \u00e0 500 g de cosses de f\u00e8ves<\/li>\n<li>3 oignons en botte (ou 1 gros oignon)<\/li>\n<li>Thym frais<\/li>\n<li>1 gousse d&rsquo;ail<\/li>\n<li>50 ml de cr\u00e8me<\/li>\n<li>Sel, poivre<\/li>\n<\/ul>\n<p>Coupez les cosses en morceaux et faites-les cuire dans une casserole d&rsquo;eau pendant 15 minutes. \u00c9gouttez-les.<\/p>\n<p>Dans une casserole, faites revenir les oignons et leurs fanes (tiges) \u00e0 sec pendant 3 minutes. Ajoutez les cosses de f\u00e8ve, le thym \u00e9miett\u00e9, la gousse d&rsquo;ail \u00e9pluch\u00e9e, et 700 ml d&rsquo;eau. Laissez cuire 10 \u00e0 15 minutes. Salez et poivrez. Mixez avec la cr\u00e8me<\/p>\n<p>Si les cosses ont trop de filaments, filtrez le velout\u00e9 au chinois.<\/p>\n","protected":false},"featured_media":283,"template":"","meta":[],"product_brand":[],"product_cat":[15],"product_tag":[],"class_list":{"0":"post-282","1":"product","2":"type-product","3":"status-publish","4":"has-post-thumbnail","6":"product_cat-non-classe","8":"first","9":"outofstock","10":"sale","11":"taxable","12":"shipping-taxable","13":"purchasable","14":"product-type-simple","15":"czr-hentry"},"aioseo_notices":[],"_links":{"self":[{"href":"https:\/\/fermedekeruzerh.com\/index.php\/wp-json\/wp\/v2\/product\/282","targetHints":{"allow":["GET"]}}],"collection":[{"href":"https:\/\/fermedekeruzerh.com\/index.php\/wp-json\/wp\/v2\/product"}],"about":[{"href":"https:\/\/fermedekeruzerh.com\/index.php\/wp-json\/wp\/v2\/types\/product"}],"wp:featuredmedia":[{"embeddable":true,"href":"https:\/\/fermedekeruzerh.com\/index.php\/wp-json\/wp\/v2\/media\/283"}],"wp:attachment":[{"href":"https:\/\/fermedekeruzerh.com\/index.php\/wp-json\/wp\/v2\/media?parent=282"}],"wp:term":[{"taxonomy":"product_brand","embeddable":true,"href":"https:\/\/fermedekeruzerh.com\/index.php\/wp-json\/wp\/v2\/product_brand?post=282"},{"taxonomy":"product_cat","embeddable":true,"href":"https:\/\/fermedekeruzerh.com\/index.php\/wp-json\/wp\/v2\/product_cat?post=282"},{"taxonomy":"product_tag","embeddable":true,"href":"https:\/\/fermedekeruzerh.com\/index.php\/wp-json\/wp\/v2\/product_tag?post=282"}],"curies":[{"name":"wp","href":"https:\/\/api.w.org\/{rel}","templated":true}]}}