{"id":2755,"date":"2021-04-06T07:52:07","date_gmt":"2021-04-06T05:52:07","guid":{"rendered":"https:\/\/fermedekeruzerh.com\/?post_type=product&#038;p=2755"},"modified":"2026-04-13T18:53:43","modified_gmt":"2026-04-13T16:53:43","slug":"ail-frais-2","status":"publish","type":"product","link":"https:\/\/fermedekeruzerh.com\/index.php\/produit\/ail-frais-2\/","title":{"rendered":"Ail frais"},"content":{"rendered":"","protected":false},"excerpt":{"rendered":"<p>L\u2019aillet a le gout de l\u2019ail mais en plus d\u00e9licat et il est l\u00e9g\u00e8rement poivr\u00e9 \u00e9pic\u00e9. Cru, on peut le d\u00e9guster \u00e0 la croque au sel en entr\u00e9e ou l&rsquo;\u00e9mincer pour parfumer d\u00e9licatement une\u00a0salade compos\u00e9e. Il remplace ais\u00e9ment l&rsquo;ail dans vos pr\u00e9parations tel que le\u00a0gigot d&rsquo;agneau. L&rsquo;omelette \u00e0 l&rsquo;aillet est un plat incontournable du sud-ouest, il faut absolument que vous l&rsquo;essayez !<\/p>\n<p>Ferme de Keruzerh<\/p>\n","protected":false},"featured_media":8946,"template":"","meta":[],"product_brand":[],"product_cat":[15],"product_tag":[],"class_list":{"0":"post-2755","1":"product","2":"type-product","3":"status-publish","4":"has-post-thumbnail","6":"product_cat-non-classe","8":"first","9":"instock","10":"taxable","11":"shipping-taxable","12":"purchasable","13":"product-type-simple","14":"czr-hentry"},"aioseo_notices":[],"_links":{"self":[{"href":"https:\/\/fermedekeruzerh.com\/index.php\/wp-json\/wp\/v2\/product\/2755","targetHints":{"allow":["GET"]}}],"collection":[{"href":"https:\/\/fermedekeruzerh.com\/index.php\/wp-json\/wp\/v2\/product"}],"about":[{"href":"https:\/\/fermedekeruzerh.com\/index.php\/wp-json\/wp\/v2\/types\/product"}],"wp:featuredmedia":[{"embeddable":true,"href":"https:\/\/fermedekeruzerh.com\/index.php\/wp-json\/wp\/v2\/media\/8946"}],"wp:attachment":[{"href":"https:\/\/fermedekeruzerh.com\/index.php\/wp-json\/wp\/v2\/media?parent=2755"}],"wp:term":[{"taxonomy":"product_brand","embeddable":true,"href":"https:\/\/fermedekeruzerh.com\/index.php\/wp-json\/wp\/v2\/product_brand?post=2755"},{"taxonomy":"product_cat","embeddable":true,"href":"https:\/\/fermedekeruzerh.com\/index.php\/wp-json\/wp\/v2\/product_cat?post=2755"},{"taxonomy":"product_tag","embeddable":true,"href":"https:\/\/fermedekeruzerh.com\/index.php\/wp-json\/wp\/v2\/product_tag?post=2755"}],"curies":[{"name":"wp","href":"https:\/\/api.w.org\/{rel}","templated":true}]}}