{"id":2646,"date":"2021-03-23T07:40:55","date_gmt":"2021-03-23T06:40:55","guid":{"rendered":"https:\/\/fermedekeruzerh.com\/?post_type=product&#038;p=2646"},"modified":"2026-04-27T18:26:00","modified_gmt":"2026-04-27T16:26:00","slug":"chou-pakchoi","status":"publish","type":"product","link":"https:\/\/fermedekeruzerh.com\/index.php\/produit\/chou-pakchoi\/","title":{"rendered":"Chou pakcho\u00ef"},"content":{"rendered":"","protected":false},"excerpt":{"rendered":"<p>Chou pakcho\u00ef. Excellent chou tendre et rapide \u00e0 cuisiner.<\/p>\n<p>Une recette pour 4 personnes (source <a href=\"https:\/\/www.papillesetpupilles.fr\/2021\/01\/pak-choi-a-lail-et-au-gingembre.html\/\">Papilles et Pupilles)<\/a><\/p>\n<ul>\n<li>4\u00a0<strong>pak choi<\/strong><\/li>\n<li>1 gousse d\u2019<strong>ail<\/strong><\/li>\n<li>1 morceau de\u00a0<strong>gingembre<\/strong>\u00a0de la taille de la gousse d\u2019ail<\/li>\n<li>2 cuill\u00e8res \u00e0 soupe d\u2019huile de s\u00e9same\u00a0ou d\u2019olive<\/li>\n<li>30 ml d\u2019eau<\/li>\n<li>1 cuill\u00e8re \u00e0 soupe rase de\u00a0<strong>sauce hu\u00eetre<\/strong>\u00a0(ou \u00e0 d\u00e9faut 1 cuill\u00e8re \u00e0 soupe de sauce soja et aussi pour les v\u00e9g\u00e9tariens)<\/li>\n<\/ul>\n<p>Coupez-le pied des pak cho\u00ef et r\u00e9cup\u00e9rez les feuilles. Si vous n\u2019en avez jamais cuisin\u00e9, c\u2019est un peu comme les endives. Lavez les feuilles et passez-les \u00e0 l\u2019essoreuse \u00e0 salade.\u00a0 Ciselez finement les tiges d\u2019un c\u00f4t\u00e9 et les feuilles de l\u2019autre.<\/p>\n<p>Epluchez le gingembre et l\u2019ail et r\u00e2pez-les.<\/p>\n<p>Mettez 2 cuill\u00e8res \u00e0 soupe d\u2019huile \u00e0 chauffer \u00e0 feu vif dans une sauteuse ou un wok. Ajoutez l\u2019ail et le gingembre, et la partie blanche des pak cho\u00ef cisel\u00e9e. Ajoutez 30 ml d\u2019eau et faites cuire 3 minutes, toujours \u00e0 feu vif. L\u2019eau doit toute s\u2019\u00e9vaporer. Ajoutez ensuite la partie verte cisel\u00e9e, la sauce hu\u00eetre et m\u00e9langez. Poursuivez la cuisson 2 minutes. Go\u00fbtez, salez si besoin et servez. D\u00e9licieux !<\/p>\n","protected":false},"featured_media":8953,"template":"","meta":[],"product_brand":[],"product_cat":[15],"product_tag":[],"class_list":{"0":"post-2646","1":"product","2":"type-product","3":"status-publish","4":"has-post-thumbnail","6":"product_cat-non-classe","8":"first","9":"instock","10":"taxable","11":"shipping-taxable","12":"purchasable","13":"product-type-simple","14":"czr-hentry"},"aioseo_notices":[],"_links":{"self":[{"href":"https:\/\/fermedekeruzerh.com\/index.php\/wp-json\/wp\/v2\/product\/2646","targetHints":{"allow":["GET"]}}],"collection":[{"href":"https:\/\/fermedekeruzerh.com\/index.php\/wp-json\/wp\/v2\/product"}],"about":[{"href":"https:\/\/fermedekeruzerh.com\/index.php\/wp-json\/wp\/v2\/types\/product"}],"wp:featuredmedia":[{"embeddable":true,"href":"https:\/\/fermedekeruzerh.com\/index.php\/wp-json\/wp\/v2\/media\/8953"}],"wp:attachment":[{"href":"https:\/\/fermedekeruzerh.com\/index.php\/wp-json\/wp\/v2\/media?parent=2646"}],"wp:term":[{"taxonomy":"product_brand","embeddable":true,"href":"https:\/\/fermedekeruzerh.com\/index.php\/wp-json\/wp\/v2\/product_brand?post=2646"},{"taxonomy":"product_cat","embeddable":true,"href":"https:\/\/fermedekeruzerh.com\/index.php\/wp-json\/wp\/v2\/product_cat?post=2646"},{"taxonomy":"product_tag","embeddable":true,"href":"https:\/\/fermedekeruzerh.com\/index.php\/wp-json\/wp\/v2\/product_tag?post=2646"}],"curies":[{"name":"wp","href":"https:\/\/api.w.org\/{rel}","templated":true}]}}