{"id":2518,"date":"2021-03-08T14:32:27","date_gmt":"2021-03-08T13:32:27","guid":{"rendered":"https:\/\/fermedekeruzerh.com\/?post_type=product&#038;p=2518"},"modified":"2026-01-14T07:52:04","modified_gmt":"2026-01-14T06:52:04","slug":"croquettes-chiliennes","status":"publish","type":"product","link":"https:\/\/fermedekeruzerh.com\/index.php\/produit\/croquettes-chiliennes\/","title":{"rendered":"Croquettes chiliennes"},"content":{"rendered":"","protected":false},"excerpt":{"rendered":"<p>Il s&rsquo;agit d&rsquo;une entr\u00e9e, compos\u00e9e de croquettes de haricots rouges aux mais, frit et accompagn\u00e9 d&rsquo;une salade d&rsquo;herbes folles ramass\u00e9e par mes soins dans la campagne environnante. Une sauce \u00e9pic\u00e9e sera servi avec.<\/p>\n<p>&nbsp;<\/p>\n<p>Une entr\u00e9e cuisin\u00e9 par Boris qui porte le projet de Ferme auberge.<\/p>\n<p>&nbsp;<\/p>\n","protected":false},"featured_media":0,"template":"","meta":[],"product_brand":[],"product_cat":[15],"product_tag":[],"class_list":{"0":"post-2518","1":"product","2":"type-product","3":"status-publish","5":"product_cat-non-classe","7":"first","8":"outofstock","9":"taxable","10":"shipping-taxable","11":"purchasable","12":"product-type-simple","13":"czr-hentry"},"aioseo_notices":[],"_links":{"self":[{"href":"https:\/\/fermedekeruzerh.com\/index.php\/wp-json\/wp\/v2\/product\/2518","targetHints":{"allow":["GET"]}}],"collection":[{"href":"https:\/\/fermedekeruzerh.com\/index.php\/wp-json\/wp\/v2\/product"}],"about":[{"href":"https:\/\/fermedekeruzerh.com\/index.php\/wp-json\/wp\/v2\/types\/product"}],"wp:attachment":[{"href":"https:\/\/fermedekeruzerh.com\/index.php\/wp-json\/wp\/v2\/media?parent=2518"}],"wp:term":[{"taxonomy":"product_brand","embeddable":true,"href":"https:\/\/fermedekeruzerh.com\/index.php\/wp-json\/wp\/v2\/product_brand?post=2518"},{"taxonomy":"product_cat","embeddable":true,"href":"https:\/\/fermedekeruzerh.com\/index.php\/wp-json\/wp\/v2\/product_cat?post=2518"},{"taxonomy":"product_tag","embeddable":true,"href":"https:\/\/fermedekeruzerh.com\/index.php\/wp-json\/wp\/v2\/product_tag?post=2518"}],"curies":[{"name":"wp","href":"https:\/\/api.w.org\/{rel}","templated":true}]}}