{"id":2407,"date":"2021-02-22T14:54:34","date_gmt":"2021-02-22T13:54:34","guid":{"rendered":"https:\/\/fermedekeruzerh.com\/?post_type=product&#038;p=2407"},"modified":"2026-01-14T07:52:05","modified_gmt":"2026-01-14T06:52:05","slug":"verrine-poire-cannelle-financier-aux-amandes-et-gelee-de-sureaux","status":"publish","type":"product","link":"https:\/\/fermedekeruzerh.com\/index.php\/produit\/verrine-poire-cannelle-financier-aux-amandes-et-gelee-de-sureaux\/","title":{"rendered":"Verrine poire cannelle, financier aux amandes et gel\u00e9e de sureaux"},"content":{"rendered":"","protected":false},"excerpt":{"rendered":"<p>Ce dessert est compos\u00e9 d&rsquo;un biscuit financier aux amandes, sur lequel vient se m\u00ealer une compote de poires \u00e0 la cannelle et des d\u00e9s de gel\u00e9e de fleurs de sureau.<\/p>\n<p>J&rsquo;ai choisi de le pr\u00e9sent\u00e9 sous forme de verrine consign\u00e9, afin de limit\u00e9 les emballages \u00e0 usage unique. Une consigne de 0.50ct vous est demand\u00e9 et d\u00e9j\u00e0 inclue dans le prix. Une caisse pour le retour des bocaux sera pr\u00e9sente sur le stand ou vous pourrez d\u00e9pos\u00e9 la verrine et r\u00e9cup\u00e9rer votre caution.<\/p>\n<p>Merci de votre compr\u00e9hension.<\/p>\n<p>Un dessert cuisin\u00e9 par Boris qui porte le projet de Ferme auberge.<\/p>\n","protected":false},"featured_media":0,"template":"","meta":[],"product_brand":[],"product_cat":[15],"product_tag":[],"class_list":{"0":"post-2407","1":"product","2":"type-product","3":"status-publish","5":"product_cat-non-classe","7":"first","8":"outofstock","9":"taxable","10":"shipping-taxable","11":"purchasable","12":"product-type-simple","13":"czr-hentry"},"aioseo_notices":[],"_links":{"self":[{"href":"https:\/\/fermedekeruzerh.com\/index.php\/wp-json\/wp\/v2\/product\/2407","targetHints":{"allow":["GET"]}}],"collection":[{"href":"https:\/\/fermedekeruzerh.com\/index.php\/wp-json\/wp\/v2\/product"}],"about":[{"href":"https:\/\/fermedekeruzerh.com\/index.php\/wp-json\/wp\/v2\/types\/product"}],"wp:attachment":[{"href":"https:\/\/fermedekeruzerh.com\/index.php\/wp-json\/wp\/v2\/media?parent=2407"}],"wp:term":[{"taxonomy":"product_brand","embeddable":true,"href":"https:\/\/fermedekeruzerh.com\/index.php\/wp-json\/wp\/v2\/product_brand?post=2407"},{"taxonomy":"product_cat","embeddable":true,"href":"https:\/\/fermedekeruzerh.com\/index.php\/wp-json\/wp\/v2\/product_cat?post=2407"},{"taxonomy":"product_tag","embeddable":true,"href":"https:\/\/fermedekeruzerh.com\/index.php\/wp-json\/wp\/v2\/product_tag?post=2407"}],"curies":[{"name":"wp","href":"https:\/\/api.w.org\/{rel}","templated":true}]}}