{"id":1928,"date":"2020-12-09T11:02:37","date_gmt":"2020-12-09T10:02:37","guid":{"rendered":"https:\/\/fermedekeruzerh.com\/?post_type=product&#038;p=1928"},"modified":"2026-04-27T18:26:01","modified_gmt":"2026-04-27T16:26:01","slug":"pomme-de-terre-2","status":"publish","type":"product","link":"https:\/\/fermedekeruzerh.com\/index.php\/produit\/pomme-de-terre-2\/","title":{"rendered":"Pommes de terre"},"content":{"rendered":"","protected":false},"excerpt":{"rendered":"<p>Pomme de terre (Allians). Pomme de terre \u00e0 chair fondante, peau jaune, chair jaune., Vari\u00e9t\u00e9 rustique, go\u00fbteuse et sucr\u00e9, longue conservation, Consommation : frite ou pur\u00e9e.<\/p>\n<p>Origine Bretagne, (r\u00e9seau Biobreizh).<\/p>\n","protected":false},"featured_media":8876,"template":"","meta":[],"product_brand":[],"product_cat":[33],"product_tag":[],"class_list":{"0":"post-1928","1":"product","2":"type-product","3":"status-publish","4":"has-post-thumbnail","6":"product_cat-bretagne","8":"first","9":"instock","10":"taxable","11":"shipping-taxable","12":"purchasable","13":"product-type-simple","14":"czr-hentry"},"aioseo_notices":[],"_links":{"self":[{"href":"https:\/\/fermedekeruzerh.com\/index.php\/wp-json\/wp\/v2\/product\/1928","targetHints":{"allow":["GET"]}}],"collection":[{"href":"https:\/\/fermedekeruzerh.com\/index.php\/wp-json\/wp\/v2\/product"}],"about":[{"href":"https:\/\/fermedekeruzerh.com\/index.php\/wp-json\/wp\/v2\/types\/product"}],"wp:featuredmedia":[{"embeddable":true,"href":"https:\/\/fermedekeruzerh.com\/index.php\/wp-json\/wp\/v2\/media\/8876"}],"wp:attachment":[{"href":"https:\/\/fermedekeruzerh.com\/index.php\/wp-json\/wp\/v2\/media?parent=1928"}],"wp:term":[{"taxonomy":"product_brand","embeddable":true,"href":"https:\/\/fermedekeruzerh.com\/index.php\/wp-json\/wp\/v2\/product_brand?post=1928"},{"taxonomy":"product_cat","embeddable":true,"href":"https:\/\/fermedekeruzerh.com\/index.php\/wp-json\/wp\/v2\/product_cat?post=1928"},{"taxonomy":"product_tag","embeddable":true,"href":"https:\/\/fermedekeruzerh.com\/index.php\/wp-json\/wp\/v2\/product_tag?post=1928"}],"curies":[{"name":"wp","href":"https:\/\/api.w.org\/{rel}","templated":true}]}}