{"id":1874,"date":"2020-12-07T20:33:26","date_gmt":"2020-12-07T19:33:26","guid":{"rendered":"https:\/\/fermedekeruzerh.com\/?post_type=product&#038;p=1874"},"modified":"2026-01-14T07:52:07","modified_gmt":"2026-01-14T06:52:07","slug":"noisettines-au-chocolat-au-lait","status":"publish","type":"product","link":"https:\/\/fermedekeruzerh.com\/index.php\/produit\/noisettines-au-chocolat-au-lait\/","title":{"rendered":"Noisettines au chocolat au lait"},"content":{"rendered":"","protected":false},"excerpt":{"rendered":"<p>Tartelette individuelle bio ou se m\u00eale chocolat au lait des plus gourmands, aux caract\u00e8res de la noisettes torr\u00e9fi\u00e9. Un d\u00e9lice !!!<\/p>\n<p>Un g\u00e2teau cuisin\u00e9 par Boris qui porte le projet de Ferme auberge.<\/p>\n","protected":false},"featured_media":0,"template":"","meta":[],"product_brand":[],"product_cat":[15],"product_tag":[],"class_list":{"0":"post-1874","1":"product","2":"type-product","3":"status-publish","5":"product_cat-non-classe","7":"first","8":"outofstock","9":"virtual","10":"taxable","11":"purchasable","12":"product-type-simple","13":"czr-hentry"},"aioseo_notices":[],"_links":{"self":[{"href":"https:\/\/fermedekeruzerh.com\/index.php\/wp-json\/wp\/v2\/product\/1874","targetHints":{"allow":["GET"]}}],"collection":[{"href":"https:\/\/fermedekeruzerh.com\/index.php\/wp-json\/wp\/v2\/product"}],"about":[{"href":"https:\/\/fermedekeruzerh.com\/index.php\/wp-json\/wp\/v2\/types\/product"}],"wp:attachment":[{"href":"https:\/\/fermedekeruzerh.com\/index.php\/wp-json\/wp\/v2\/media?parent=1874"}],"wp:term":[{"taxonomy":"product_brand","embeddable":true,"href":"https:\/\/fermedekeruzerh.com\/index.php\/wp-json\/wp\/v2\/product_brand?post=1874"},{"taxonomy":"product_cat","embeddable":true,"href":"https:\/\/fermedekeruzerh.com\/index.php\/wp-json\/wp\/v2\/product_cat?post=1874"},{"taxonomy":"product_tag","embeddable":true,"href":"https:\/\/fermedekeruzerh.com\/index.php\/wp-json\/wp\/v2\/product_tag?post=1874"}],"curies":[{"name":"wp","href":"https:\/\/api.w.org\/{rel}","templated":true}]}}