{"id":1803,"date":"2020-11-30T21:52:16","date_gmt":"2020-11-30T20:52:16","guid":{"rendered":"https:\/\/fermedekeruzerh.com\/?post_type=product&#038;p=1803"},"modified":"2026-01-14T07:52:08","modified_gmt":"2026-01-14T06:52:08","slug":"pommes-daliclass","status":"publish","type":"product","link":"https:\/\/fermedekeruzerh.com\/index.php\/produit\/pommes-daliclass\/","title":{"rendered":"Pommes Daliclass"},"content":{"rendered":"<p>&nbsp;<\/p>\n<p>&nbsp;<\/p>\n","protected":false},"excerpt":{"rendered":"<p>Pommes au go\u00fbt \u00e9quilibr\u00e9 sucr\u00e9 &amp; acidul\u00e9.<\/p>\n<p>Le verger a \u00e9t\u00e9 plant\u00e9 en 2010 \u00e0 R\u00e9d\u00e9n\u00e9 et \u00e0 Plouay avec 17 vari\u00e9t\u00e9s de pommes, poires, coings, n\u00e8fles. Il est labellis\u00e9 bio depuis 2013. Val\u00e9rie, la productrice est une passionn\u00e9e, elle \u00e9tait prof de bio avant. Son mari Jacques l&rsquo;a rejoint dans l&rsquo;aventure. C&rsquo;est lui qui assure la tourn\u00e9e de livraison.<\/p>\n<p>Bonne d\u00e9gustation!<\/p>\n<p><a href=\"https:\/\/www.youtube.com\/watch?v=7sxHm_5pAZQ\">Vid\u00e9o de la productrice<\/a><\/p>\n","protected":false},"featured_media":0,"template":"","meta":[],"product_brand":[],"product_cat":[26],"product_tag":[],"class_list":{"0":"post-1803","1":"product","2":"type-product","3":"status-publish","5":"product_cat-autres-producteurs","7":"first","8":"outofstock","9":"virtual","10":"taxable","11":"purchasable","12":"product-type-simple","13":"czr-hentry"},"aioseo_notices":[],"_links":{"self":[{"href":"https:\/\/fermedekeruzerh.com\/index.php\/wp-json\/wp\/v2\/product\/1803","targetHints":{"allow":["GET"]}}],"collection":[{"href":"https:\/\/fermedekeruzerh.com\/index.php\/wp-json\/wp\/v2\/product"}],"about":[{"href":"https:\/\/fermedekeruzerh.com\/index.php\/wp-json\/wp\/v2\/types\/product"}],"wp:attachment":[{"href":"https:\/\/fermedekeruzerh.com\/index.php\/wp-json\/wp\/v2\/media?parent=1803"}],"wp:term":[{"taxonomy":"product_brand","embeddable":true,"href":"https:\/\/fermedekeruzerh.com\/index.php\/wp-json\/wp\/v2\/product_brand?post=1803"},{"taxonomy":"product_cat","embeddable":true,"href":"https:\/\/fermedekeruzerh.com\/index.php\/wp-json\/wp\/v2\/product_cat?post=1803"},{"taxonomy":"product_tag","embeddable":true,"href":"https:\/\/fermedekeruzerh.com\/index.php\/wp-json\/wp\/v2\/product_tag?post=1803"}],"curies":[{"name":"wp","href":"https:\/\/api.w.org\/{rel}","templated":true}]}}