{"id":1440,"date":"2020-10-30T09:37:19","date_gmt":"2020-10-30T08:37:19","guid":{"rendered":"https:\/\/fermedekeruzerh.com\/?post_type=product&#038;p=1440"},"modified":"2026-01-14T07:52:09","modified_gmt":"2026-01-14T06:52:09","slug":"courge-galeuse-deysines","status":"publish","type":"product","link":"https:\/\/fermedekeruzerh.com\/index.php\/produit\/courge-galeuse-deysines\/","title":{"rendered":"Courge galeuse d&rsquo;Eysines"},"content":{"rendered":"","protected":false},"excerpt":{"rendered":"<p>Courge galeuse d&rsquo;Eysines Une courge d&rsquo;environ 10kg ! Je propose des parts de 2kg.<\/p>\n<p>On dirait une citrouille de sorci\u00e8re, pleine de pustules. Mais c&rsquo;est en l&rsquo;ouvrant qu&rsquo;on d\u00e9couvre sa chair orange et douce. Id\u00e9ale en soupe, velout\u00e9s ou gratins.<\/p>\n","protected":false},"featured_media":0,"template":"","meta":[],"product_brand":[],"product_cat":[15],"product_tag":[],"class_list":{"0":"post-1440","1":"product","2":"type-product","3":"status-publish","5":"product_cat-non-classe","7":"first","8":"outofstock","9":"virtual","10":"taxable","11":"purchasable","12":"product-type-simple","13":"czr-hentry"},"aioseo_notices":[],"_links":{"self":[{"href":"https:\/\/fermedekeruzerh.com\/index.php\/wp-json\/wp\/v2\/product\/1440","targetHints":{"allow":["GET"]}}],"collection":[{"href":"https:\/\/fermedekeruzerh.com\/index.php\/wp-json\/wp\/v2\/product"}],"about":[{"href":"https:\/\/fermedekeruzerh.com\/index.php\/wp-json\/wp\/v2\/types\/product"}],"wp:attachment":[{"href":"https:\/\/fermedekeruzerh.com\/index.php\/wp-json\/wp\/v2\/media?parent=1440"}],"wp:term":[{"taxonomy":"product_brand","embeddable":true,"href":"https:\/\/fermedekeruzerh.com\/index.php\/wp-json\/wp\/v2\/product_brand?post=1440"},{"taxonomy":"product_cat","embeddable":true,"href":"https:\/\/fermedekeruzerh.com\/index.php\/wp-json\/wp\/v2\/product_cat?post=1440"},{"taxonomy":"product_tag","embeddable":true,"href":"https:\/\/fermedekeruzerh.com\/index.php\/wp-json\/wp\/v2\/product_tag?post=1440"}],"curies":[{"name":"wp","href":"https:\/\/api.w.org\/{rel}","templated":true}]}}