{"id":1281,"date":"2020-10-23T09:30:41","date_gmt":"2020-10-23T07:30:41","guid":{"rendered":"https:\/\/fermedekeruzerh.com\/?post_type=product&#038;p=1281"},"modified":"2026-01-14T07:52:09","modified_gmt":"2026-01-14T06:52:09","slug":"far-a-lorientale","status":"publish","type":"product","link":"https:\/\/fermedekeruzerh.com\/index.php\/produit\/far-a-lorientale\/","title":{"rendered":"Far \u00e0 l&rsquo;orientale"},"content":{"rendered":"","protected":false},"excerpt":{"rendered":"<p>Produit 100% Bio cuisin\u00e9e par Boris qui s&rsquo;associe \u00e0 la ferme de Keruzerh. Il s&rsquo;occupera de la ferme auberge !<\/p>\n<p>Far infus\u00e9 cardamome et badiane. Ajout aussi de miel et s\u00e9same.<\/p>\n","protected":false},"featured_media":0,"template":"","meta":[],"product_brand":[],"product_cat":[15],"product_tag":[],"class_list":{"0":"post-1281","1":"product","2":"type-product","3":"status-publish","5":"product_cat-non-classe","7":"first","8":"outofstock","9":"virtual","10":"taxable","11":"purchasable","12":"product-type-simple","13":"czr-hentry"},"aioseo_notices":[],"_links":{"self":[{"href":"https:\/\/fermedekeruzerh.com\/index.php\/wp-json\/wp\/v2\/product\/1281","targetHints":{"allow":["GET"]}}],"collection":[{"href":"https:\/\/fermedekeruzerh.com\/index.php\/wp-json\/wp\/v2\/product"}],"about":[{"href":"https:\/\/fermedekeruzerh.com\/index.php\/wp-json\/wp\/v2\/types\/product"}],"wp:attachment":[{"href":"https:\/\/fermedekeruzerh.com\/index.php\/wp-json\/wp\/v2\/media?parent=1281"}],"wp:term":[{"taxonomy":"product_brand","embeddable":true,"href":"https:\/\/fermedekeruzerh.com\/index.php\/wp-json\/wp\/v2\/product_brand?post=1281"},{"taxonomy":"product_cat","embeddable":true,"href":"https:\/\/fermedekeruzerh.com\/index.php\/wp-json\/wp\/v2\/product_cat?post=1281"},{"taxonomy":"product_tag","embeddable":true,"href":"https:\/\/fermedekeruzerh.com\/index.php\/wp-json\/wp\/v2\/product_tag?post=1281"}],"curies":[{"name":"wp","href":"https:\/\/api.w.org\/{rel}","templated":true}]}}