{"id":1162,"date":"2020-10-02T13:44:01","date_gmt":"2020-10-02T11:44:01","guid":{"rendered":"https:\/\/fermedekeruzerh.com\/?post_type=product&#038;p=1162"},"modified":"2026-01-14T07:52:10","modified_gmt":"2026-01-14T06:52:10","slug":"baume-calendula","status":"publish","type":"product","link":"https:\/\/fermedekeruzerh.com\/index.php\/produit\/baume-calendula\/","title":{"rendered":"Baume calendula"},"content":{"rendered":"<p>Ingr\u00e9dients<\/p>\n<ul>\n<li>Mac\u00e9rat ol\u00e9ique de fleurs de Calendula dans l&rsquo;huile d&rsquo;olive<\/li>\n<li>Cire d&rsquo;abeille<\/li>\n<li>Un soup\u00e7on d&rsquo;huile essentielle de lavande vraie (0.1% pour la conservation)<\/li>\n<\/ul>\n","protected":false},"excerpt":{"rendered":"<p>Baume aux fleurs de calendula (aussi appel\u00e9es \u00ab\u00a0soucis\u00a0\u00bb).<\/p>\n<p>Les baumes sont compos\u00e9s d&rsquo;huile v\u00e9g\u00e9tale dans laquelle des plantes fraiches ont \u00e9t\u00e9 mises \u00e0 mac\u00e9rer.<\/p>\n<p>Utilis\u00e9 pour apaiser les cicatrices, irritations, ger\u00e7ures du froid et l\u00e9g\u00e8res brulures.<\/p>\n<p>Particuli\u00e8rement int\u00e9ressant chez l&rsquo;enfant ce baume aide la peau \u00e0 se r\u00e9g\u00e9n\u00e9rer et l&rsquo;apaise. Pour la peau d\u00e9licate et sensible de b\u00e9b\u00e9, elle se r\u00e9v\u00e8le tr\u00e8s utile au quotidien apr\u00e8s le change ou pour la toilette.<\/p>\n","protected":false},"featured_media":1163,"template":"","meta":[],"product_brand":[],"product_cat":[15],"product_tag":[],"class_list":{"0":"post-1162","1":"product","2":"type-product","3":"status-publish","4":"has-post-thumbnail","6":"product_cat-non-classe","8":"first","9":"outofstock","10":"virtual","11":"taxable","12":"purchasable","13":"product-type-simple","14":"czr-hentry"},"aioseo_notices":[],"_links":{"self":[{"href":"https:\/\/fermedekeruzerh.com\/index.php\/wp-json\/wp\/v2\/product\/1162","targetHints":{"allow":["GET"]}}],"collection":[{"href":"https:\/\/fermedekeruzerh.com\/index.php\/wp-json\/wp\/v2\/product"}],"about":[{"href":"https:\/\/fermedekeruzerh.com\/index.php\/wp-json\/wp\/v2\/types\/product"}],"wp:featuredmedia":[{"embeddable":true,"href":"https:\/\/fermedekeruzerh.com\/index.php\/wp-json\/wp\/v2\/media\/1163"}],"wp:attachment":[{"href":"https:\/\/fermedekeruzerh.com\/index.php\/wp-json\/wp\/v2\/media?parent=1162"}],"wp:term":[{"taxonomy":"product_brand","embeddable":true,"href":"https:\/\/fermedekeruzerh.com\/index.php\/wp-json\/wp\/v2\/product_brand?post=1162"},{"taxonomy":"product_cat","embeddable":true,"href":"https:\/\/fermedekeruzerh.com\/index.php\/wp-json\/wp\/v2\/product_cat?post=1162"},{"taxonomy":"product_tag","embeddable":true,"href":"https:\/\/fermedekeruzerh.com\/index.php\/wp-json\/wp\/v2\/product_tag?post=1162"}],"curies":[{"name":"wp","href":"https:\/\/api.w.org\/{rel}","templated":true}]}}